{"id":131,"date":"2020-05-20T07:53:28","date_gmt":"2020-05-20T07:53:28","guid":{"rendered":"https:\/\/auf-draht.ch\/?page_id=131"},"modified":"2026-03-08T15:36:17","modified_gmt":"2026-03-08T15:36:17","slug":"aktuelles","status":"publish","type":"page","link":"https:\/\/auf-draht.ch\/index.php\/aktuelles\/","title":{"rendered":"Aktuelles"},"content":{"rendered":"<p style=\"text-align: center;\"><strong>N\u00c4CHSTE AUSSTELLUNG<\/strong><\/p>\n<p style=\"text-align: center;\"><strong>2026<\/strong><\/p>\n<p style=\"text-align: center;\"><b>&#8222;Echte K\u00fcnstlichkeit, zum Gl\u00fcck alles nur aus Draht&#8220; <\/b>Galerie Brigita Leupin, Basel. \u00a07. M\u00e4rz bis 4. April 2026 \u00a0<a href=\"https:\/\/www.brigittaleupin.ch\/ausstellungen_m13_pdfs\/107_Flyer_Amede-Flum.pdf\">Flyer<\/a><\/p>\n<p>&nbsp;<\/p>\n<p style=\"text-align: center;\"><strong>LETZTE AUSTELLUNGEN<\/strong><\/p>\n<p style=\"text-align: center;\"><strong>2025<\/strong><\/p>\n<p style=\"text-align: center;\">ARTE Binningen 7. &#8211; 16. November 2025 \u00a0<a href=\"https:\/\/www.arte-binningen.ch\/index.php\/de\/\">Info<\/a><\/p>\n<p style=\"text-align: center;\">1. &#8211; 26. Juli 2025 \u00a0Steve Meyers und Am\u00e9d\u00e9 Flum in der Galerie Brigitta Leupin\u00a0<a href=\"https:\/\/auf-draht.ch\/wp-content\/uploads\/2025\/06\/flyer.18.6.png\">Flyer<\/a><\/p>\n<p style=\"text-align: center;\">26.4. &#8211; 25.5.2025 Hair Atelier Basel \u00a0<a href=\"https:\/\/auf-draht.ch\/wp-content\/uploads\/2025\/04\/Flyer.Hair_-scaled.jpg\">Flyer<\/a><\/p>\n<p style=\"text-align: center;\">23.3.2025 Art-Sale, Arkadia-Design, Wydeck Areal Dornach Flyer \u00a0<a href=\"https:\/\/auf-draht.ch\/wp-content\/uploads\/2025\/03\/PHOTO-2025-03-01-14-46-07.jpg\">Flyer<\/a><\/p>\n<p>&nbsp;<\/p>\n<p style=\"text-align: center;\"><strong>2024<\/strong><\/p>\n<p style=\"text-align: center;\">ABGEBOGEN \u00a09. &#8211; 24. November 2024, \u00a0Motorenlager Wydeckareal, Dornach <a href=\"https:\/\/auf-draht.ch\/wp-content\/uploads\/2024\/09\/WhatsApp-Image-2024-09-16-at-11.35.22.jpeg\">Flyer<\/a><\/p>\n<p style=\"text-align: center;\">KUNST IN REINACH, 1. &#8211; 3. November 2024 <a href=\"https:\/\/kunstinreinach.ch\">INFO<\/a><\/p>\n<p style=\"text-align: center;\">ATELIER IN RESIDENCE, in der Galerie Brigita Leubin, 5. Juli &#8211; 3. August 2024<\/p>\n<p style=\"text-align: center;\"><strong>2023<\/strong><\/p>\n<p style=\"text-align: center;\">Ausstellung &#8222;Punkt&#8220; \u00a05. &#8211; 27 \u00a0Oktober 2024 \u00a0&#8211;&gt;<a href=\"https:\/\/auf-draht.ch\/wp-content\/uploads\/2024\/09\/Eine_Vorankuendigung.pdf\">INFO<\/a>\u00a0 oder\u00a0<a href=\"https:\/\/www.brigittaleupin.ch\">Galerie Brigitta Leupin<\/a><\/p>\n<p style=\"text-align: center;\">artESB Liestal, 20. &#8211; 29. Oktober 2023 \u00a0<a href=\"https:\/\/www.esb-bl.ch\/veranstaltungen\/artesb\/\">INFO<\/a><\/p>\n<p style=\"text-align: center;\">ARTE Binningen 10. &#8211; 19. November 2023 \u00a0<a href=\"https:\/\/www.arte-binningen.ch\">INFO<\/a><\/p>\n<p style=\"text-align: center;\">ARTIST IN RESIDENCE GALERIE LEUPIN, BASEL \u00a08. &#8211; 29. JULI 2023 \u00a0<a href=\"https:\/\/auf-draht.ch\/wp-content\/uploads\/2023\/06\/Leup7.png\">Flyer<\/a><\/p>\n<p style=\"text-align: center;\">SILO L\u00c4UFELFINGEN \u00a028. Mai &#8211; 18. Juni 2023 \u00a0<a href=\"https:\/\/auf-draht.ch\/wp-content\/uploads\/2023\/05\/Bildschirmfoto-2023-05-13-um-15.11.16.jpg\">FLYER1<\/a>\u00a0 <a href=\"https:\/\/auf-draht.ch\/wp-content\/uploads\/2023\/05\/l\u00e4uf2.png\">FLYER2<\/a>\u00a0 <a href=\"https:\/\/silo12.ch\">SILO 12<\/a><\/p>\n<p style=\"text-align: center;\"><strong>2022<\/strong><\/p>\n<p style=\"text-align: center;\">ARTE BINNINGEN 4. &#8211; 13. November 2022 <a href=\"https:\/\/arte-binningen.ch\/index.php\/de\/\">INFO<\/a><\/p>\n<p style=\"text-align: center;\">KulturPRATTELN \u00a029. April &#8211; 15. Mai \u00a0 <a href=\"https:\/\/auf-draht.ch\/wp-content\/uploads\/2022\/04\/kAusstellung29April22.pdf\">Flyer<\/a> \u00a0<a href=\"https:\/\/www.kulturpratteln.ch\/Veranstaltungen\/Veranstaltungen-47\">INFO<\/a><\/p>\n<p style=\"text-align: center;\">%% GROSSER ATELIER-SALE \u00a027. &#8211; 29. Mai %% \u00a0<a href=\"https:\/\/auf-draht.ch\/wp-content\/uploads\/2022\/03\/Bildschirmfoto-2022-03-14-um-02.49.31.jpg\">INFO<\/a><\/p>\n<p style=\"text-align: center;\"><strong>2021<\/strong><\/p>\n<p style=\"text-align: center;\">GALERIE BRIGITTA LEUPIN \u00a0&#8222;Artist in Residence&#8220; 13. &#8211; 31. Juli<\/p>\n<p style=\"text-align: center;\"><strong>2020<\/strong><\/p>\n<p style=\"text-align: center;\">GALERIE BRIGITTA LEUPIN \u00a05. &#8211; 24. DEZEMBER \u00a0<a href=\"https:\/\/www.brigittaleupin.ch\/index.html\">INFO<\/a><\/p>\n<p style=\"text-align: center;\"><strong>2019<\/strong><\/p>\n<p style=\"text-align: center;\">ARTIST IN RESIDENCE &#8211; GALERIE BRIGITTA LEUPIN \u00a08. &#8211; 28. AUGUST \u00a0\u00a0<a href=\"https:\/\/auf-draht.ch\/index.php\/606-2\/\">INFO<\/a><\/p>\n<p style=\"text-align: center;\">HAUS DER BEGEGNUNG, BASEL<\/p>\n<p style=\"text-align: center;\">HOTEL EULER, BASEL<\/p>\n<p style=\"text-align: center;\">SPR\u00dcTZEH\u00dcSLI, OBERWIL<\/p>\n<p style=\"text-align: center;\"><strong>2018<\/strong><\/p>\n<p style=\"text-align: center;\">DEGEN GALLERY, BASEL<\/p>\n<p style=\"text-align: center;\">ARTE BINNINGEN, BINNINGEN<\/p>\n<p style=\"text-align: center;\">GALERIE BRIGITTA LEUPIN, BASEL<\/p>\n<p style=\"text-align: center;\">EXPO BATTENHEIM, BATTENHEIM (F)<\/p>\n<p style=\"text-align: center;\">KUNST IN REINACH, REINACH<\/p>\n<p style=\"text-align: center;\"><strong>2017<\/strong><\/p>\n<p style=\"text-align: center;\">ARTE BINNINGEN, BINNINGEN<\/p>\n<p style=\"text-align: center;\">GALERIE BRIGITTA LEUPIN, BASEL<\/p>\n<p style=\"text-align: center;\"><strong>2016<\/strong><\/p>\n<p style=\"text-align: center;\">GALERIE BRIGITTA LEUPIN, BASEL<\/p>\n<p style=\"text-align: center;\">ESPACIO 120, BARCELONA (ESP)<\/p>\n<p style=\"text-align: center;\">GALLERY ART NOU MIL-LENNI, BARCELONA (ESP)<\/p>\n<p style=\"text-align: center;\"><strong>2015<\/strong><\/p>\n<p style=\"text-align: center;\">ARTE BINNINGEN, BINNINGEN<\/p>\n<p style=\"text-align: center;\">KUNST AN DER MUBA, BASEL<\/p>\n<p style=\"text-align: center;\">GALERIE PAUSENPLATZ, BASEL<\/p>\n<p style=\"text-align: center;\">GALERIE ESPACEEMPREINTE, LAUSANNE<\/p>\n<p style=\"text-align: center;\"><strong>2014<\/strong><\/p>\n<p style=\"text-align: center;\">SCOOP BASEL<\/p>\n<p style=\"text-align: center;\">ARTE BINNINGEN<\/p>\n<p>&nbsp;<\/p>\n<p>&nbsp;<\/p>\n<p>&nbsp;<\/p>\n<p style=\"text-align: center;\">\n","protected":false},"excerpt":{"rendered":"<p>N\u00c4CHSTE AUSSTELLUNG 2026 &#8222;Echte K\u00fcnstlichkeit, zum Gl\u00fcck alles nur aus Draht&#8220; Galerie Brigita Leupin, Basel. \u00a07. M\u00e4rz bis 4. April 2026 \u00a0Flyer &nbsp; LETZTE AUSTELLUNGEN 2025 ARTE Binningen 7. &#8211; 16. November 2025 \u00a0Info 1. &#8211; 26. Juli 2025 \u00a0Steve Meyers und Am\u00e9d\u00e9 Flum in der Galerie Brigitta Leupin\u00a0Flyer 26.4. &#8211; 25.5.2025 Hair Atelier Basel [&hellip;]<\/p>\n","protected":false},"author":1,"featured_media":0,"parent":0,"menu_order":0,"comment_status":"closed","ping_status":"closed","template":"full-width.php","meta":{"om_disable_all_campaigns":false,"_monsterinsights_skip_tracking":false,"_monsterinsights_sitenote_active":false,"_monsterinsights_sitenote_note":"","_monsterinsights_sitenote_category":0,"footnotes":""},"yoast_head":"<!-- This site is optimized with the Yoast SEO plugin v23.0 - https:\/\/yoast.com\/wordpress\/plugins\/seo\/ -->\n<title>Aktuelles - Drahtobjekte von Amede Flum<\/title>\n<meta name=\"robots\" content=\"index, follow, max-snippet:-1, max-image-preview:large, max-video-preview:-1\" \/>\n<link rel=\"canonical\" href=\"https:\/\/auf-draht.ch\/index.php\/aktuelles\/\" \/>\n<meta property=\"og:locale\" content=\"de_DE\" \/>\n<meta property=\"og:type\" content=\"article\" \/>\n<meta property=\"og:title\" content=\"Aktuelles - Drahtobjekte von Amede Flum\" \/>\n<meta property=\"og:description\" content=\"N\u00c4CHSTE AUSSTELLUNG 2026 &#8222;Echte K\u00fcnstlichkeit, zum Gl\u00fcck alles nur aus Draht&#8220; Galerie Brigita Leupin, Basel. \u00a07. M\u00e4rz bis 4. April 2026 \u00a0Flyer &nbsp; LETZTE AUSTELLUNGEN 2025 ARTE Binningen 7. &#8211; 16. November 2025 \u00a0Info 1. &#8211; 26. Juli 2025 \u00a0Steve Meyers und Am\u00e9d\u00e9 Flum in der Galerie Brigitta Leupin\u00a0Flyer 26.4. &#8211; 25.5.2025 Hair Atelier Basel [&hellip;]\" \/>\n<meta property=\"og:url\" content=\"https:\/\/auf-draht.ch\/index.php\/aktuelles\/\" \/>\n<meta property=\"og:site_name\" content=\"Drahtobjekte von Amede Flum\" \/>\n<meta property=\"article:modified_time\" content=\"2026-03-08T15:36:17+00:00\" \/>\n<meta name=\"twitter:card\" content=\"summary_large_image\" \/>\n<meta name=\"twitter:label1\" content=\"Gesch\u00e4tzte Lesezeit\" \/>\n\t<meta name=\"twitter:data1\" content=\"2\u00a0Minuten\" \/>\n<script type=\"application\/ld+json\" class=\"yoast-schema-graph\">{\"@context\":\"https:\/\/schema.org\",\"@graph\":[{\"@type\":\"WebPage\",\"@id\":\"https:\/\/auf-draht.ch\/index.php\/aktuelles\/\",\"url\":\"https:\/\/auf-draht.ch\/index.php\/aktuelles\/\",\"name\":\"Aktuelles - Drahtobjekte von Amede Flum\",\"isPartOf\":{\"@id\":\"https:\/\/auf-draht.ch\/#website\"},\"datePublished\":\"2020-05-20T07:53:28+00:00\",\"dateModified\":\"2026-03-08T15:36:17+00:00\",\"breadcrumb\":{\"@id\":\"https:\/\/auf-draht.ch\/index.php\/aktuelles\/#breadcrumb\"},\"inLanguage\":\"de\",\"potentialAction\":[{\"@type\":\"ReadAction\",\"target\":[\"https:\/\/auf-draht.ch\/index.php\/aktuelles\/\"]}]},{\"@type\":\"BreadcrumbList\",\"@id\":\"https:\/\/auf-draht.ch\/index.php\/aktuelles\/#breadcrumb\",\"itemListElement\":[{\"@type\":\"ListItem\",\"position\":1,\"name\":\"Startseite\",\"item\":\"https:\/\/auf-draht.ch\/\"},{\"@type\":\"ListItem\",\"position\":2,\"name\":\"Aktuelles\"}]},{\"@type\":\"WebSite\",\"@id\":\"https:\/\/auf-draht.ch\/#website\",\"url\":\"https:\/\/auf-draht.ch\/\",\"name\":\"Drahtobjekte von Amede Flum\",\"description\":\"Drahtobjekte, wire, sculpture, Art\",\"publisher\":{\"@id\":\"https:\/\/auf-draht.ch\/#\/schema\/person\/52f72c4b13e7c9006e6cb97e4be7114f\"},\"potentialAction\":[{\"@type\":\"SearchAction\",\"target\":{\"@type\":\"EntryPoint\",\"urlTemplate\":\"https:\/\/auf-draht.ch\/?s={search_term_string}\"},\"query-input\":\"required name=search_term_string\"}],\"inLanguage\":\"de\"},{\"@type\":[\"Person\",\"Organization\"],\"@id\":\"https:\/\/auf-draht.ch\/#\/schema\/person\/52f72c4b13e7c9006e6cb97e4be7114f\",\"name\":\"amede_@\",\"image\":{\"@type\":\"ImageObject\",\"inLanguage\":\"de\",\"@id\":\"https:\/\/auf-draht.ch\/#\/schema\/person\/image\/\",\"url\":\"https:\/\/auf-draht.ch\/wp-content\/uploads\/2020\/05\/cropped-drahtlogow-3.gif\",\"contentUrl\":\"https:\/\/auf-draht.ch\/wp-content\/uploads\/2020\/05\/cropped-drahtlogow-3.gif\",\"width\":800,\"height\":313,\"caption\":\"amede_@\"},\"logo\":{\"@id\":\"https:\/\/auf-draht.ch\/#\/schema\/person\/image\/\"},\"sameAs\":[\"https:\/\/auf-draht.ch\"]}]}<\/script>\n<!-- \/ Yoast SEO plugin. -->","yoast_head_json":{"title":"Aktuelles - Drahtobjekte von Amede Flum","robots":{"index":"index","follow":"follow","max-snippet":"max-snippet:-1","max-image-preview":"max-image-preview:large","max-video-preview":"max-video-preview:-1"},"canonical":"https:\/\/auf-draht.ch\/index.php\/aktuelles\/","og_locale":"de_DE","og_type":"article","og_title":"Aktuelles - Drahtobjekte von Amede Flum","og_description":"N\u00c4CHSTE AUSSTELLUNG 2026 &#8222;Echte K\u00fcnstlichkeit, zum Gl\u00fcck alles nur aus Draht&#8220; Galerie Brigita Leupin, Basel. \u00a07. M\u00e4rz bis 4. April 2026 \u00a0Flyer &nbsp; LETZTE AUSTELLUNGEN 2025 ARTE Binningen 7. &#8211; 16. November 2025 \u00a0Info 1. &#8211; 26. Juli 2025 \u00a0Steve Meyers und Am\u00e9d\u00e9 Flum in der Galerie Brigitta Leupin\u00a0Flyer 26.4. &#8211; 25.5.2025 Hair Atelier Basel [&hellip;]","og_url":"https:\/\/auf-draht.ch\/index.php\/aktuelles\/","og_site_name":"Drahtobjekte von Amede Flum","article_modified_time":"2026-03-08T15:36:17+00:00","twitter_card":"summary_large_image","twitter_misc":{"Gesch\u00e4tzte Lesezeit":"2\u00a0Minuten"},"schema":{"@context":"https:\/\/schema.org","@graph":[{"@type":"WebPage","@id":"https:\/\/auf-draht.ch\/index.php\/aktuelles\/","url":"https:\/\/auf-draht.ch\/index.php\/aktuelles\/","name":"Aktuelles - Drahtobjekte von Amede Flum","isPartOf":{"@id":"https:\/\/auf-draht.ch\/#website"},"datePublished":"2020-05-20T07:53:28+00:00","dateModified":"2026-03-08T15:36:17+00:00","breadcrumb":{"@id":"https:\/\/auf-draht.ch\/index.php\/aktuelles\/#breadcrumb"},"inLanguage":"de","potentialAction":[{"@type":"ReadAction","target":["https:\/\/auf-draht.ch\/index.php\/aktuelles\/"]}]},{"@type":"BreadcrumbList","@id":"https:\/\/auf-draht.ch\/index.php\/aktuelles\/#breadcrumb","itemListElement":[{"@type":"ListItem","position":1,"name":"Startseite","item":"https:\/\/auf-draht.ch\/"},{"@type":"ListItem","position":2,"name":"Aktuelles"}]},{"@type":"WebSite","@id":"https:\/\/auf-draht.ch\/#website","url":"https:\/\/auf-draht.ch\/","name":"Drahtobjekte von Amede Flum","description":"Drahtobjekte, wire, sculpture, Art","publisher":{"@id":"https:\/\/auf-draht.ch\/#\/schema\/person\/52f72c4b13e7c9006e6cb97e4be7114f"},"potentialAction":[{"@type":"SearchAction","target":{"@type":"EntryPoint","urlTemplate":"https:\/\/auf-draht.ch\/?s={search_term_string}"},"query-input":"required name=search_term_string"}],"inLanguage":"de"},{"@type":["Person","Organization"],"@id":"https:\/\/auf-draht.ch\/#\/schema\/person\/52f72c4b13e7c9006e6cb97e4be7114f","name":"amede_@","image":{"@type":"ImageObject","inLanguage":"de","@id":"https:\/\/auf-draht.ch\/#\/schema\/person\/image\/","url":"https:\/\/auf-draht.ch\/wp-content\/uploads\/2020\/05\/cropped-drahtlogow-3.gif","contentUrl":"https:\/\/auf-draht.ch\/wp-content\/uploads\/2020\/05\/cropped-drahtlogow-3.gif","width":800,"height":313,"caption":"amede_@"},"logo":{"@id":"https:\/\/auf-draht.ch\/#\/schema\/person\/image\/"},"sameAs":["https:\/\/auf-draht.ch"]}]}},"jetpack_sharing_enabled":true,"_links":{"self":[{"href":"https:\/\/auf-draht.ch\/index.php\/wp-json\/wp\/v2\/pages\/131"}],"collection":[{"href":"https:\/\/auf-draht.ch\/index.php\/wp-json\/wp\/v2\/pages"}],"about":[{"href":"https:\/\/auf-draht.ch\/index.php\/wp-json\/wp\/v2\/types\/page"}],"author":[{"embeddable":true,"href":"https:\/\/auf-draht.ch\/index.php\/wp-json\/wp\/v2\/users\/1"}],"replies":[{"embeddable":true,"href":"https:\/\/auf-draht.ch\/index.php\/wp-json\/wp\/v2\/comments?post=131"}],"version-history":[{"count":81,"href":"https:\/\/auf-draht.ch\/index.php\/wp-json\/wp\/v2\/pages\/131\/revisions"}],"predecessor-version":[{"id":1312,"href":"https:\/\/auf-draht.ch\/index.php\/wp-json\/wp\/v2\/pages\/131\/revisions\/1312"}],"wp:attachment":[{"href":"https:\/\/auf-draht.ch\/index.php\/wp-json\/wp\/v2\/media?parent=131"}],"curies":[{"name":"wp","href":"https:\/\/api.w.org\/{rel}","templated":true}]}}