{"id":132,"date":"2020-05-20T07:53:28","date_gmt":"2020-05-20T07:53:28","guid":{"rendered":"https:\/\/auf-draht.ch\/?page_id=132"},"modified":"2023-08-25T09:30:55","modified_gmt":"2023-08-25T09:30:55","slug":"wuensche-sie-kontaktiert-zu-werden","status":"publish","type":"page","link":"https:\/\/auf-draht.ch\/index.php\/wuensche-sie-kontaktiert-zu-werden\/","title":{"rendered":"Kontaktformular"},"content":{"rendered":"<p>&nbsp;<\/p>\n<p style=\"text-align: left;\">M\u00f6chtest Du in Zukunft informiert werden, \u00fcber eine neue Ausstellung von Am\u00e9d\u00e9 Flum?<\/p>\n<p style=\"text-align: left;\">Dann hinterlass doch unten bitte Deinen Name und Deine Email-Adresse:<\/p>\n<p>&nbsp;<\/p>\n<p style=\"text-align: left;\"><script>(function() {\n\twindow.mc4wp = window.mc4wp || {\n\t\tlisteners: [],\n\t\tforms: {\n\t\t\ton: function(evt, cb) {\n\t\t\t\twindow.mc4wp.listeners.push(\n\t\t\t\t\t{\n\t\t\t\t\t\tevent   : evt,\n\t\t\t\t\t\tcallback: cb\n\t\t\t\t\t}\n\t\t\t\t);\n\t\t\t}\n\t\t}\n\t}\n})();\n<\/script><!-- Mailchimp for WordPress v4.9.13 - https:\/\/wordpress.org\/plugins\/mailchimp-for-wp\/ --><form id=\"mc4wp-form-1\" class=\"mc4wp-form mc4wp-form-760\" method=\"post\" data-id=\"760\" data-name=\"Wollen sie f\u00fcr zuk\u00fcnftige Ausstellungen informiert werden?\" ><div class=\"mc4wp-form-fields\"><p>\r\n    <label>Vorname:    ----------   <\/label> \r\n <input type=\"text\" name=\"FNAME\">\r\n   \r\n<\/p>\r\n<p>\r\n    <label>Nachname: --------<\/label>\r\n    <input type=\"text\" name=\"LNAME\">\r\n<\/p>\r\n\r\n\r\n\r\n\r\n<p>\r\n\t<label>E-Mail-Adresse: -- \r\n\t\t<input type=\"email\" name=\"EMAIL\" placeholder=\"Deine E-Mail Adresse\" required \/>\r\n<\/label>\r\n<\/p>\r\n\r\n<p>\r\n\t<input type=\"submit\" value=\"speichern\" \/>\r\n<\/p><\/div><label style=\"display: none !important;\">Wenn du ein Mensch bist, lasse das Feld leer: <input type=\"text\" name=\"_mc4wp_honeypot\" value=\"\" tabindex=\"-1\" autocomplete=\"off\" \/><\/label><input type=\"hidden\" name=\"_mc4wp_timestamp\" value=\"1777041148\" \/><input type=\"hidden\" name=\"_mc4wp_form_id\" value=\"760\" \/><input type=\"hidden\" name=\"_mc4wp_form_element_id\" value=\"mc4wp-form-1\" \/><div class=\"mc4wp-response\"><\/div><\/form><!-- \/ Mailchimp for WordPress Plugin --><\/p>\n<p>Am\u00e9d\u00e9 Flum<br \/>\nAllschwilerstrasse 87<br \/>\n4055 Basel<\/p>\n<p>+41 61 692 02 46<\/p>\n<p><a href=\"mailto:amede@bluewin.ch\">amede@bluewin.ch<\/a><\/p>\n<p>&nbsp;<\/p>\n","protected":false},"excerpt":{"rendered":"<p>&nbsp; M\u00f6chtest Du in Zukunft informiert werden, \u00fcber eine neue Ausstellung von Am\u00e9d\u00e9 Flum? Dann hinterlass doch unten bitte Deinen Name und Deine Email-Adresse: &nbsp; Am\u00e9d\u00e9 Flum Allschwilerstrasse 87 4055 Basel +41 61 692 02 46 amede@bluewin.ch &nbsp;<\/p>\n","protected":false},"author":1,"featured_media":0,"parent":0,"menu_order":0,"comment_status":"closed","ping_status":"closed","template":"","meta":{"om_disable_all_campaigns":false,"_monsterinsights_skip_tracking":false,"_monsterinsights_sitenote_active":false,"_monsterinsights_sitenote_note":"","_monsterinsights_sitenote_category":0,"footnotes":""},"yoast_head":"<!-- This site is optimized with the Yoast SEO plugin v23.0 - https:\/\/yoast.com\/wordpress\/plugins\/seo\/ -->\n<title>Kontaktformular - Drahtobjekte von Amede Flum<\/title>\n<meta name=\"description\" content=\"Email Adressen -Eintrag. Drahtliebhaber welche informiert werden wollen, wenn es neue Ausstellungen von mir gibt\" \/>\n<meta name=\"robots\" content=\"index, follow, max-snippet:-1, max-image-preview:large, max-video-preview:-1\" \/>\n<link rel=\"canonical\" href=\"https:\/\/auf-draht.ch\/index.php\/wuensche-sie-kontaktiert-zu-werden\/\" \/>\n<meta property=\"og:locale\" content=\"de_DE\" \/>\n<meta property=\"og:type\" content=\"article\" \/>\n<meta property=\"og:title\" content=\"Kontaktformular - Drahtobjekte von Amede Flum\" \/>\n<meta property=\"og:description\" content=\"Email Adressen -Eintrag. Drahtliebhaber welche informiert werden wollen, wenn es neue Ausstellungen von mir gibt\" \/>\n<meta property=\"og:url\" content=\"https:\/\/auf-draht.ch\/index.php\/wuensche-sie-kontaktiert-zu-werden\/\" \/>\n<meta property=\"og:site_name\" content=\"Drahtobjekte von Amede Flum\" \/>\n<meta property=\"article:modified_time\" content=\"2023-08-25T09:30:55+00:00\" \/>\n<meta name=\"twitter:card\" content=\"summary_large_image\" \/>\n<script type=\"application\/ld+json\" class=\"yoast-schema-graph\">{\"@context\":\"https:\/\/schema.org\",\"@graph\":[{\"@type\":\"WebPage\",\"@id\":\"https:\/\/auf-draht.ch\/index.php\/wuensche-sie-kontaktiert-zu-werden\/\",\"url\":\"https:\/\/auf-draht.ch\/index.php\/wuensche-sie-kontaktiert-zu-werden\/\",\"name\":\"Kontaktformular - Drahtobjekte von Amede Flum\",\"isPartOf\":{\"@id\":\"https:\/\/auf-draht.ch\/#website\"},\"datePublished\":\"2020-05-20T07:53:28+00:00\",\"dateModified\":\"2023-08-25T09:30:55+00:00\",\"description\":\"Email Adressen -Eintrag. Drahtliebhaber welche informiert werden wollen, wenn es neue Ausstellungen von mir gibt\",\"breadcrumb\":{\"@id\":\"https:\/\/auf-draht.ch\/index.php\/wuensche-sie-kontaktiert-zu-werden\/#breadcrumb\"},\"inLanguage\":\"de\",\"potentialAction\":[{\"@type\":\"ReadAction\",\"target\":[\"https:\/\/auf-draht.ch\/index.php\/wuensche-sie-kontaktiert-zu-werden\/\"]}]},{\"@type\":\"BreadcrumbList\",\"@id\":\"https:\/\/auf-draht.ch\/index.php\/wuensche-sie-kontaktiert-zu-werden\/#breadcrumb\",\"itemListElement\":[{\"@type\":\"ListItem\",\"position\":1,\"name\":\"Startseite\",\"item\":\"https:\/\/auf-draht.ch\/\"},{\"@type\":\"ListItem\",\"position\":2,\"name\":\"Kontaktformular\"}]},{\"@type\":\"WebSite\",\"@id\":\"https:\/\/auf-draht.ch\/#website\",\"url\":\"https:\/\/auf-draht.ch\/\",\"name\":\"Drahtobjekte von Amede Flum\",\"description\":\"Drahtobjekte, wire, sculpture, Art\",\"publisher\":{\"@id\":\"https:\/\/auf-draht.ch\/#\/schema\/person\/52f72c4b13e7c9006e6cb97e4be7114f\"},\"potentialAction\":[{\"@type\":\"SearchAction\",\"target\":{\"@type\":\"EntryPoint\",\"urlTemplate\":\"https:\/\/auf-draht.ch\/?s={search_term_string}\"},\"query-input\":\"required name=search_term_string\"}],\"inLanguage\":\"de\"},{\"@type\":[\"Person\",\"Organization\"],\"@id\":\"https:\/\/auf-draht.ch\/#\/schema\/person\/52f72c4b13e7c9006e6cb97e4be7114f\",\"name\":\"amede_@\",\"image\":{\"@type\":\"ImageObject\",\"inLanguage\":\"de\",\"@id\":\"https:\/\/auf-draht.ch\/#\/schema\/person\/image\/\",\"url\":\"https:\/\/auf-draht.ch\/wp-content\/uploads\/2020\/05\/cropped-drahtlogow-3.gif\",\"contentUrl\":\"https:\/\/auf-draht.ch\/wp-content\/uploads\/2020\/05\/cropped-drahtlogow-3.gif\",\"width\":800,\"height\":313,\"caption\":\"amede_@\"},\"logo\":{\"@id\":\"https:\/\/auf-draht.ch\/#\/schema\/person\/image\/\"},\"sameAs\":[\"https:\/\/auf-draht.ch\"]}]}<\/script>\n<!-- \/ Yoast SEO plugin. -->","yoast_head_json":{"title":"Kontaktformular - Drahtobjekte von Amede Flum","description":"Email Adressen -Eintrag. Drahtliebhaber welche informiert werden wollen, wenn es neue Ausstellungen von mir gibt","robots":{"index":"index","follow":"follow","max-snippet":"max-snippet:-1","max-image-preview":"max-image-preview:large","max-video-preview":"max-video-preview:-1"},"canonical":"https:\/\/auf-draht.ch\/index.php\/wuensche-sie-kontaktiert-zu-werden\/","og_locale":"de_DE","og_type":"article","og_title":"Kontaktformular - Drahtobjekte von Amede Flum","og_description":"Email Adressen -Eintrag. Drahtliebhaber welche informiert werden wollen, wenn es neue Ausstellungen von mir gibt","og_url":"https:\/\/auf-draht.ch\/index.php\/wuensche-sie-kontaktiert-zu-werden\/","og_site_name":"Drahtobjekte von Amede Flum","article_modified_time":"2023-08-25T09:30:55+00:00","twitter_card":"summary_large_image","schema":{"@context":"https:\/\/schema.org","@graph":[{"@type":"WebPage","@id":"https:\/\/auf-draht.ch\/index.php\/wuensche-sie-kontaktiert-zu-werden\/","url":"https:\/\/auf-draht.ch\/index.php\/wuensche-sie-kontaktiert-zu-werden\/","name":"Kontaktformular - Drahtobjekte von Amede Flum","isPartOf":{"@id":"https:\/\/auf-draht.ch\/#website"},"datePublished":"2020-05-20T07:53:28+00:00","dateModified":"2023-08-25T09:30:55+00:00","description":"Email Adressen -Eintrag. Drahtliebhaber welche informiert werden wollen, wenn es neue Ausstellungen von mir gibt","breadcrumb":{"@id":"https:\/\/auf-draht.ch\/index.php\/wuensche-sie-kontaktiert-zu-werden\/#breadcrumb"},"inLanguage":"de","potentialAction":[{"@type":"ReadAction","target":["https:\/\/auf-draht.ch\/index.php\/wuensche-sie-kontaktiert-zu-werden\/"]}]},{"@type":"BreadcrumbList","@id":"https:\/\/auf-draht.ch\/index.php\/wuensche-sie-kontaktiert-zu-werden\/#breadcrumb","itemListElement":[{"@type":"ListItem","position":1,"name":"Startseite","item":"https:\/\/auf-draht.ch\/"},{"@type":"ListItem","position":2,"name":"Kontaktformular"}]},{"@type":"WebSite","@id":"https:\/\/auf-draht.ch\/#website","url":"https:\/\/auf-draht.ch\/","name":"Drahtobjekte von Amede Flum","description":"Drahtobjekte, wire, sculpture, Art","publisher":{"@id":"https:\/\/auf-draht.ch\/#\/schema\/person\/52f72c4b13e7c9006e6cb97e4be7114f"},"potentialAction":[{"@type":"SearchAction","target":{"@type":"EntryPoint","urlTemplate":"https:\/\/auf-draht.ch\/?s={search_term_string}"},"query-input":"required name=search_term_string"}],"inLanguage":"de"},{"@type":["Person","Organization"],"@id":"https:\/\/auf-draht.ch\/#\/schema\/person\/52f72c4b13e7c9006e6cb97e4be7114f","name":"amede_@","image":{"@type":"ImageObject","inLanguage":"de","@id":"https:\/\/auf-draht.ch\/#\/schema\/person\/image\/","url":"https:\/\/auf-draht.ch\/wp-content\/uploads\/2020\/05\/cropped-drahtlogow-3.gif","contentUrl":"https:\/\/auf-draht.ch\/wp-content\/uploads\/2020\/05\/cropped-drahtlogow-3.gif","width":800,"height":313,"caption":"amede_@"},"logo":{"@id":"https:\/\/auf-draht.ch\/#\/schema\/person\/image\/"},"sameAs":["https:\/\/auf-draht.ch"]}]}},"jetpack_sharing_enabled":true,"_links":{"self":[{"href":"https:\/\/auf-draht.ch\/index.php\/wp-json\/wp\/v2\/pages\/132"}],"collection":[{"href":"https:\/\/auf-draht.ch\/index.php\/wp-json\/wp\/v2\/pages"}],"about":[{"href":"https:\/\/auf-draht.ch\/index.php\/wp-json\/wp\/v2\/types\/page"}],"author":[{"embeddable":true,"href":"https:\/\/auf-draht.ch\/index.php\/wp-json\/wp\/v2\/users\/1"}],"replies":[{"embeddable":true,"href":"https:\/\/auf-draht.ch\/index.php\/wp-json\/wp\/v2\/comments?post=132"}],"version-history":[{"count":22,"href":"https:\/\/auf-draht.ch\/index.php\/wp-json\/wp\/v2\/pages\/132\/revisions"}],"predecessor-version":[{"id":928,"href":"https:\/\/auf-draht.ch\/index.php\/wp-json\/wp\/v2\/pages\/132\/revisions\/928"}],"wp:attachment":[{"href":"https:\/\/auf-draht.ch\/index.php\/wp-json\/wp\/v2\/media?parent=132"}],"curies":[{"name":"wp","href":"https:\/\/api.w.org\/{rel}","templated":true}]}}